{"id":24,"date":"2023-02-22T15:03:40","date_gmt":"2023-02-22T12:03:40","guid":{"rendered":"http:\/\/firamer.com.tr\/en\/?page_id=24"},"modified":"2025-08-07T11:04:20","modified_gmt":"2025-08-07T08:04:20","slug":"contact","status":"publish","type":"page","link":"https:\/\/firamer.com.tr\/en\/contact\/","title":{"rendered":"Contact"},"content":{"rendered":"<div id='av-layout-grid-1'  class='av-layout-grid-container av-av_layout_row-d13ba1ea422dec6af01c4ffb55b7d862 entry-content-wrapper main_color av-flex-cells  avia-builder-el-0  el_before_av_section  avia-builder-el-first   container_wrap sidebar_right'  >\n\n<style type=\"text\/css\" data-created_by=\"avia_inline_auto\" id=\"style-css-av-me141dud-29802657f481d678f9190f703f50248a\">\n.flex_cell.av-me141dud-29802657f481d678f9190f703f50248a{\nvertical-align:top;\npadding:0px 0px 0px 0px;\n}\n<\/style>\n<div class='flex_cell av_one_full av-me141dud-29802657f481d678f9190f703f50248a no_margin  avia-builder-el-1  avia-builder-el-no-sibling  av-zero-padding' ><div class='flex_cell_inner'>\n<\/div><\/div><\/div><div id='av_section_1'  class='avia-section av-tayg-170f328f2cec09d57c3761033965a228 main_color avia-section-default avia-no-border-styling  avia-builder-el-3  el_after_av_layout_row  el_before_av_section  avia-bg-style-scroll container_wrap sidebar_right'  ><div class='container av-section-cont-open' ><div class='template-page content  av-content-small alpha units'><div class='post-entry post-entry-type-page post-entry-24'><div class='entry-content-wrapper clearfix'>\n<div class='flex_column_table av-lerr8h42-e30b867c7399bbcf1d02c5050625edaa sc-av_one_half av-equal-height-column-flextable'>\n<style type=\"text\/css\" data-created_by=\"avia_inline_auto\" id=\"style-css-av-lerr8h42-e30b867c7399bbcf1d02c5050625edaa\">\n.flex_column.av-lerr8h42-e30b867c7399bbcf1d02c5050625edaa{\nborder-radius:15px 15px 15px 15px;\n-webkit-border-radius:15px 15px 15px 15px;\n-moz-border-radius:15px 15px 15px 15px;\npadding:30px 30px 30px 30px;\nbox-shadow:0 0 10px 0 #d3d3d3;\n-webkit-box-shadow:0 0 10px 0 #d3d3d3;\n-moz-box-shadow:0 0 10px 0 #d3d3d3;\n}\n<\/style>\n<div class='flex_column av-lerr8h42-e30b867c7399bbcf1d02c5050625edaa av_one_half  avia-builder-el-4  el_before_av_one_half  avia-builder-el-first  first flex_column_table_cell av-equal-height-column av-align-middle  av-animated-generic left-to-right '   ><form action=\"https:\/\/firamer.com.tr\/en\/contact\/\" method=\"post\"  class=\"avia_ajax_form av-form-labels-hidden   avia-builder-el-5  avia-builder-el-no-sibling   \" data-avia-form-id=\"1\" data-avia-redirect='' ><h3 class=''>Contact Form<\/h3><fieldset><p class='  first_form  form_element form_element_half' id='element_avia_1_1'><label for=\"avia_1_1\">Name <abbr class=\"required\" title=\"Zorunlu\">*<\/abbr><\/label> <input name=\"avia_1_1\" class=\"text_input is_empty\" type=\"text\" id=\"avia_1_1\" value=\"\"  placeholder='Name*'\/><\/p><p class='  form_element form_element_half' id='element_avia_2_1'><label for=\"avia_2_1\">E-Mail<\/label> <input name=\"avia_2_1\" class=\"text_input \" type=\"text\" id=\"avia_2_1\" value=\"\"  placeholder='E-Mail'\/><\/p><p class='  first_form  form_element form_element_half' id='element_avia_3_1'><label for=\"avia_3_1\">Subject <abbr class=\"required\" title=\"Zorunlu\">*<\/abbr><\/label> <input name=\"avia_3_1\" class=\"text_input is_empty\" type=\"text\" id=\"avia_3_1\" value=\"\"  placeholder='Subject*'\/><\/p><p class='  form_element form_element_half' id='element_avia_4_1'><label for=\"avia_4_1\">Phone <abbr class=\"required\" title=\"Zorunlu\">*<\/abbr><\/label> <input name=\"avia_4_1\" class=\"text_input is_empty\" type=\"text\" id=\"avia_4_1\" value=\"\"  placeholder='Phone*'\/><\/p><p class='  first_form  form_element form_fullwidth' id='element_avia_5_1'><label for=\"avia_5_1\">Message <abbr class=\"required\" title=\"Zorunlu\">*<\/abbr><\/label> <input name=\"avia_5_1\" class=\"text_input is_empty\" type=\"text\" id=\"avia_5_1\" value=\"\"  placeholder='Message*'\/><\/p><p class=\"hidden\"><input type=\"text\" name=\"avia_6_1\" class=\"hidden \" id=\"avia_6_1\" value=\"\" \/><\/p><div id='avia_7_1' class='av-recaptcha-area  first_form  form_element form_fullwidth '  data-container_class=\"\" data-custom_class=\"\" data-context=\"av_contact_form\" data-token_input=\"av_recaptcha_token\" data-version=\"avia_recaptcha_v2\" data-theme=\"light\" data-size=\"normal\" data-score=\"0.5\" data-text_to_preview=\"\" data-value=\"\"><div class=\"av-google-badge-message hidden\">This site is protected by reCAPTCHA and the Google <a href=\"https:\/\/policies.google.com\/privacy\">Privacy Policy<\/a> and <a href=\"https:\/\/policies.google.com\/terms\">Terms of Service<\/a> apply.<\/div><\/div><p class=\"form_element \"><input type=\"hidden\" value=\"1\" name=\"avia_generated_form1\" \/><input type=\"submit\" value=\"SUBMIT\" class=\"button\"  data-sending-label=\"G\u00f6nderiliyor\"\/><\/p><\/fieldset><div class=\"avia-disabled-form\">This contact form is deactivated because you refused to accept Google reCaptcha service which is necessary to validate any messages sent by the form.<\/div><\/form><div id=\"ajaxresponse_1\" class=\"ajaxresponse ajaxresponse_1 hidden\"><\/div><\/div><div class='av-flex-placeholder'><\/div>\n<style type=\"text\/css\" data-created_by=\"avia_inline_auto\" id=\"style-css-av-2p3uo-b0b2990337c1e1785ed641461383513f\">\n.flex_column.av-2p3uo-b0b2990337c1e1785ed641461383513f{\nborder-radius:15px 15px 15px 15px;\n-webkit-border-radius:15px 15px 15px 15px;\n-moz-border-radius:15px 15px 15px 15px;\npadding:30px 30px 30px 30px;\n}\n<\/style>\n<div class='flex_column av-2p3uo-b0b2990337c1e1785ed641461383513f av_one_half  avia-builder-el-6  el_after_av_one_half  avia-builder-el-last  flex_column_table_cell av-equal-height-column av-align-middle  av-animated-generic right-to-left '   ><p>\n<style type=\"text\/css\" data-created_by=\"avia_inline_auto\" id=\"style-css-av-2cw1c-3d35f8dc5385c7eb2193274558561673\">\n.iconbox.av-2cw1c-3d35f8dc5385c7eb2193274558561673 .iconbox_icon{\ncolor:#ffffff;\n}\n#top #wrap_all .iconbox.av-2cw1c-3d35f8dc5385c7eb2193274558561673 .iconbox_content_title{\ncolor:#1a2754;\n}\n.iconbox.av-2cw1c-3d35f8dc5385c7eb2193274558561673 .iconbox_content_container{\nfont-size:14px;\ncolor:#1a2754;\n}\n<\/style>\n<article  id=\"kutu3\"  class='iconbox iconbox_left_content av-2cw1c-3d35f8dc5385c7eb2193274558561673 av-icon-style-no-border  avia-builder-el-7  el_before_av_icon_box  avia-builder-el-first  kutu3 kutu3'  itemscope=\"itemscope\" itemtype=\"https:\/\/schema.org\/CreativeWork\" ><div class=\"iconbox_icon heading-color\" aria-hidden='true' data-av_icon='\uf115' data-av_iconfont='firamer1'><\/div><div class=\"iconbox_content\"><header class=\"entry-content-header\"><\/header><div class='iconbox_content_container av_inherit_color'  itemprop=\"text\" ><p><a href=\"tel:+902324797982\">+90 232 479 79 82<\/a><\/p>\n<\/div><\/div><footer class=\"entry-footer\"><\/footer><\/article><br \/>\n\n<style type=\"text\/css\" data-created_by=\"avia_inline_auto\" id=\"style-css-av-1oz04-9759fd7afb342a90477bcc339c66f205\">\n.iconbox.av-1oz04-9759fd7afb342a90477bcc339c66f205 .iconbox_icon{\ncolor:#ffffff;\n}\n#top #wrap_all .iconbox.av-1oz04-9759fd7afb342a90477bcc339c66f205 .iconbox_content_title{\ncolor:#1a2754;\n}\n.iconbox.av-1oz04-9759fd7afb342a90477bcc339c66f205 .iconbox_content_container{\nfont-size:14px;\ncolor:#1a2754;\n}\n<\/style>\n<article  id=\"kutu3\"  class='iconbox iconbox_left_content av-1oz04-9759fd7afb342a90477bcc339c66f205 av-icon-style-no-border  avia-builder-el-8  el_after_av_icon_box  el_before_av_icon_box  kutu3 kutu3'  itemscope=\"itemscope\" itemtype=\"https:\/\/schema.org\/CreativeWork\" ><div class=\"iconbox_icon heading-color\" aria-hidden='true' data-av_icon='\ue805' data-av_iconfont='entypo-fontello'><\/div><div class=\"iconbox_content\"><header class=\"entry-content-header\"><\/header><div class='iconbox_content_container av_inherit_color'  itemprop=\"text\" ><p><a href=\"mailto:info@firamer.com\">info@firamer.com<\/a><\/p>\n<\/div><\/div><footer class=\"entry-footer\"><\/footer><\/article><br \/>\n\n<style type=\"text\/css\" data-created_by=\"avia_inline_auto\" id=\"style-css-av-q1io-cae4c4ec6cae7872f5d02fec377dd1e6\">\n.iconbox.av-q1io-cae4c4ec6cae7872f5d02fec377dd1e6 .iconbox_icon{\ncolor:#ffffff;\n}\n#top #wrap_all .iconbox.av-q1io-cae4c4ec6cae7872f5d02fec377dd1e6 .iconbox_content_title{\ncolor:#1a2754;\n}\n.iconbox.av-q1io-cae4c4ec6cae7872f5d02fec377dd1e6 .iconbox_content_container{\nfont-size:14px;\ncolor:#1a2754;\n}\n<\/style>\n<article  id=\"kutu3\"  class='iconbox iconbox_left_content av-q1io-cae4c4ec6cae7872f5d02fec377dd1e6 av-icon-style-no-border  avia-builder-el-9  el_after_av_icon_box  avia-builder-el-last  kutu3 kutu3'  itemscope=\"itemscope\" itemtype=\"https:\/\/schema.org\/CreativeWork\" ><div class=\"iconbox_icon heading-color\" aria-hidden='true' data-av_icon='\uf117' data-av_iconfont='firamer1'><\/div><div class=\"iconbox_content\"><header class=\"entry-content-header\"><\/header><div class='iconbox_content_container av_inherit_color'  itemprop=\"text\" ><p>10010 Sokak No:23\/1 AOSB \u00c7i\u011fli &#8211; \u0130ZM\u0130R \/ TURKEY<\/p>\n<\/div><\/div><footer class=\"entry-footer\"><\/footer><\/article><\/p><\/div><\/div><!--close column table wrapper. Autoclose: 1 --><\/div><\/div><\/div><!-- close content main div --><\/div><\/div><div id='av_section_2'  class='avia-section av-14tjg-16c02785b17e6581ed00a018fe858d55 main_color avia-section-default avia-no-border-styling  avia-builder-el-10  el_after_av_section  avia-builder-el-last  avia-bg-style-scroll container_wrap sidebar_right'  ><div class='container av-section-cont-open' ><div class='template-page content  av-content-small alpha units'><div class='post-entry post-entry-type-page post-entry-24'><div class='entry-content-wrapper clearfix'><\/div><\/div><\/div><!-- close content main div --><\/div><\/div><div id='after_section_2'  class='main_color av_default_container_wrap container_wrap sidebar_right'  ><div class='container av-section-cont-open' ><div class='template-page content  av-content-small alpha units'><div class='post-entry post-entry-type-page post-entry-24'><div class='entry-content-wrapper clearfix'><\/p>\n","protected":false},"excerpt":{"rendered":"","protected":false},"author":1,"featured_media":0,"parent":0,"menu_order":0,"comment_status":"closed","ping_status":"closed","template":"","meta":{"footnotes":""},"class_list":["post-24","page","type-page","status-publish","hentry"],"_links":{"self":[{"href":"https:\/\/firamer.com.tr\/en\/wp-json\/wp\/v2\/pages\/24","targetHints":{"allow":["GET"]}}],"collection":[{"href":"https:\/\/firamer.com.tr\/en\/wp-json\/wp\/v2\/pages"}],"about":[{"href":"https:\/\/firamer.com.tr\/en\/wp-json\/wp\/v2\/types\/page"}],"author":[{"embeddable":true,"href":"https:\/\/firamer.com.tr\/en\/wp-json\/wp\/v2\/users\/1"}],"replies":[{"embeddable":true,"href":"https:\/\/firamer.com.tr\/en\/wp-json\/wp\/v2\/comments?post=24"}],"version-history":[{"count":27,"href":"https:\/\/firamer.com.tr\/en\/wp-json\/wp\/v2\/pages\/24\/revisions"}],"predecessor-version":[{"id":709,"href":"https:\/\/firamer.com.tr\/en\/wp-json\/wp\/v2\/pages\/24\/revisions\/709"}],"wp:attachment":[{"href":"https:\/\/firamer.com.tr\/en\/wp-json\/wp\/v2\/media?parent=24"}],"curies":[{"name":"wp","href":"https:\/\/api.w.org\/{rel}","templated":true}]}}